{"id":588,"date":"2020-09-08T13:42:51","date_gmt":"2020-09-08T13:42:51","guid":{"rendered":"https:\/\/sutequim.com\/?page_id=588"},"modified":"2020-09-18T12:06:38","modified_gmt":"2020-09-18T12:06:38","slug":"detergente-desengrasante-desinfectante","status":"publish","type":"page","link":"https:\/\/sutequim.com\/?page_id=588","title":{"rendered":"DETERGENTE-DESENGRASANTE-DESINFECTANTE"},"content":{"rendered":"<p><img loading=\"lazy\" decoding=\"async\" class=\"size-medium wp-image-590 alignright\" src=\"https:\/\/sutequim.com\/wp-content\/uploads\/2020\/09\/Limpieza-de-la-cocina-300x200.jpg\" alt=\"\" width=\"300\" height=\"200\" srcset=\"https:\/\/sutequim.com\/wp-content\/uploads\/2020\/09\/Limpieza-de-la-cocina-300x200.jpg 300w, https:\/\/sutequim.com\/wp-content\/uploads\/2020\/09\/Limpieza-de-la-cocina-768x512.jpg 768w, https:\/\/sutequim.com\/wp-content\/uploads\/2020\/09\/Limpieza-de-la-cocina-150x100.jpg 150w, https:\/\/sutequim.com\/wp-content\/uploads\/2020\/09\/Limpieza-de-la-cocina.jpg 1024w\" sizes=\"auto, (max-width: 300px) 100vw, 300px\" \/>Limpia desodoriza y desinfecta en una sola y f\u00e1cil operaci\u00f3n. Contiene una mezcla de detergentes sint\u00e9ticos emulsificadores, ablandadores de agua, inhibidores de la corrosi\u00f3n y dos amonios cuaternarios germicidas, le ofrece a usted la mejor calidad a un costo m\u00ednimo en mantenimiento.<\/p>\n<p><strong>VENTAJAS:<\/strong><br \/>\nControla los estafilococos \u00c1ureos, Samonella Choleraesis, Pseudomona, Pie de atleta, Trycophyton interdigitales , no es corrosivo, efectivo en aguas duras y blandas.<\/p>\n<p><strong>APLICACIONES:<\/strong><br \/>\nFormulado para toda superficie lavable, hospitales, ba\u00f1os, restaurantes, plantas procesadoras de alimentos, cl\u00ednicas veterinarias donde las bacterias causan problemas. Excelente para limpiar pisos incluyendo terrazo, m\u00e1rmol, azulejos y pisos de goma, as\u00ed tambi\u00e9n desodoriza y desinfecta \u00e1reas de basureros, vestuarios, tablas de corte de carne, muebles y equipos en general.<\/p>\n<p><strong>MODO DE USARSE:<\/strong><\/p>\n<p>Para limpiar, desodorizar y sanear en un tipo de limpieza suave mezclar \u00bc taza con 4 litros de agua.<br \/>\nPara procesadoras de comestibles: Diluir 1 taza en 40 litros de agua para limpieza de equipos y pisos.<br \/>\nPara limpieza fuertes en general: Diluir \u00bd taza en 40 litros de agua, para erradicar los tipos de bacilos arriba mencionados.<br \/>\nEn todos los casos debe aplicarse con esponjas, pa\u00f1o o mopa, luego enjuagar con agua y secar.<\/p>\n<h5><strong>Caracteristicas:<\/strong><\/h5>\n<p>&gt;\u00a0Ahorro de tiempo en la sanitizaci\u00f3n y limpieza.<\/p>\n<p>&gt;\u00a0Desengrasa y desinfecta en una sola operaci\u00f3n.<\/p>\n<p>&gt;\u00a0No da\u00f1a las superficies.<\/p>\n<p>&gt;\u00a0Forma mezclas de gran estabilidad.<\/p>\n<p>&gt;\u00a0Biodegradable.<\/p>\n<p>&gt;\u00a0Excelente bactericida y fungicida.<\/p>\n<p>&gt;\u00a0Elevadas diluciones que lo hacen econ\u00f3mico.<\/p>\n<h5><strong>Precauciones:<\/strong><\/h5>\n<ul>\n<li>Mant\u00e9ngase fuera del alcance de los ni\u00f1os.<\/li>\n<li>Es un producto alcalino, por lo tanto puede ser toxico si se ingiere.<\/li>\n<li>Si cae en los ojos, l\u00e1vese con abundante agua.<\/li>\n<li>Mant\u00e9ngase el envase cerrado y a temperatura ambiente.<\/li>\n<\/ul>\n","protected":false},"excerpt":{"rendered":"<p>Limpia desodoriza y desinfecta en una sola y f\u00e1cil operaci\u00f3n. Contiene una mezcla de detergentes sint\u00e9ticos emulsificadores, ablandadores de agua, inhibidores de la corrosi\u00f3n y dos amonios cuaternarios germicidas, le ofrece a usted la mejor calidad a un costo m\u00ednimo en mantenimiento. VENTAJAS: Controla los estafilococos \u00c1ureos, Samonella Choleraesis, Pseudomona,&#8230;<\/p>\n<p> <a class=\"continue-reading-link\" href=\"https:\/\/sutequim.com\/?page_id=588\"><span>Continue reading<\/span><i class=\"crycon-right-dir\"><\/i><\/a> <\/p>\n","protected":false},"author":8,"featured_media":0,"parent":98,"menu_order":0,"comment_status":"closed","ping_status":"closed","template":"","meta":{"footnotes":""},"class_list":["post-588","page","type-page","status-publish","hentry"],"_links":{"self":[{"href":"https:\/\/sutequim.com\/index.php?rest_route=\/wp\/v2\/pages\/588","targetHints":{"allow":["GET"]}}],"collection":[{"href":"https:\/\/sutequim.com\/index.php?rest_route=\/wp\/v2\/pages"}],"about":[{"href":"https:\/\/sutequim.com\/index.php?rest_route=\/wp\/v2\/types\/page"}],"author":[{"embeddable":true,"href":"https:\/\/sutequim.com\/index.php?rest_route=\/wp\/v2\/users\/8"}],"replies":[{"embeddable":true,"href":"https:\/\/sutequim.com\/index.php?rest_route=%2Fwp%2Fv2%2Fcomments&post=588"}],"version-history":[{"count":3,"href":"https:\/\/sutequim.com\/index.php?rest_route=\/wp\/v2\/pages\/588\/revisions"}],"predecessor-version":[{"id":666,"href":"https:\/\/sutequim.com\/index.php?rest_route=\/wp\/v2\/pages\/588\/revisions\/666"}],"up":[{"embeddable":true,"href":"https:\/\/sutequim.com\/index.php?rest_route=\/wp\/v2\/pages\/98"}],"wp:attachment":[{"href":"https:\/\/sutequim.com\/index.php?rest_route=%2Fwp%2Fv2%2Fmedia&parent=588"}],"curies":[{"name":"wp","href":"https:\/\/api.w.org\/{rel}","templated":true}]}}