{"id":592,"date":"2020-09-08T13:50:11","date_gmt":"2020-09-08T13:50:11","guid":{"rendered":"https:\/\/sutequim.com\/?page_id=592"},"modified":"2020-09-18T12:17:31","modified_gmt":"2020-09-18T12:17:31","slug":"limpiador-acido-en-espuma-grado-alimenticio","status":"publish","type":"page","link":"https:\/\/sutequim.com\/?page_id=592","title":{"rendered":"LIMPIADOR \u00c1CIDO EN ESPUMA GRADO ALIMENTICIO"},"content":{"rendered":"<p><img loading=\"lazy\" decoding=\"async\" class=\"size-medium wp-image-593 alignright\" src=\"https:\/\/sutequim.com\/wp-content\/uploads\/2020\/09\/mano-enguantada-300x200.jpg\" alt=\"\" width=\"300\" height=\"200\" srcset=\"https:\/\/sutequim.com\/wp-content\/uploads\/2020\/09\/mano-enguantada-300x200.jpg 300w, https:\/\/sutequim.com\/wp-content\/uploads\/2020\/09\/mano-enguantada-150x100.jpg 150w, https:\/\/sutequim.com\/wp-content\/uploads\/2020\/09\/mano-enguantada.jpg 626w\" sizes=\"auto, (max-width: 300px) 100vw, 300px\" \/>Brinda\u00a0 un mayor tiempo de acci\u00f3n del producto (la espuma se escurre menos) facilitando el reblandecimiento y la solubilidad de los restos de alimentos, y una retirada m\u00e1s eficiente de suciedad (por la suma del efecto mec\u00e1nico de la presi\u00f3n al efecto disolvente del agua).<\/p>\n<p>Es un producto de limpieza especializada, basado en \u00e1cido fosf\u00f3rico. Debido a su balanceada combinaci\u00f3n especial de agentes humectantes y aditivos altamente espumantes, le proporcionan un\u00a0 excelente efecto desengrasante.<\/p>\n<p><b>\u00a0<\/b>No ataca acero, cromo-n\u00edquel, pl\u00e1sticos. Inhibidores<\/p>\n<p>especiales permiten su aplicaci\u00f3n en superficies de lat\u00f3n, aluminio, cobre y sus aleaciones.<\/p>\n<h4><b>Ventajas:<\/b><\/h4>\n<p>Menor consumo de agua y productos de limpieza.<\/p>\n<p>Menor volumen de aguas residuales procedente de la limpieza.<\/p>\n<p>Mejores resultados en la limpieza y desinfecci\u00f3n.<\/p>\n<p>Menor gasto en productos qu\u00edmicos.<\/p>\n<p>Menos tiempo y menos mano de obra invertida en limpieza.<\/p>\n<p>Mejores resultados en limpieza, menos riesgo de contaminaci\u00f3n de los alimentos y por lo tanto de alteraciones y alarmas sanitarias.<\/p>\n<h4><b>Campos de aplicaci\u00f3n: <\/b><\/h4>\n<p>Se utiliza para la limpieza general de instalaciones plantas procesadoras de alimentos (aplicaci\u00f3n en forma de espuma), es especialmente indicado para remover contaminaciones de grasa y prote\u00ednas, as\u00ed como tambi\u00e9n, residuos de calcio.<\/p>\n<h4><b>M\u00e9todo de aplicaci\u00f3n: <\/b><\/h4>\n<p>Despu\u00e9s de un buen pre-enjuague con agua se aplica en forma de aspersi\u00f3n, a una concentraci\u00f3n de 1-3%. Puede ser aplicado en forma de espuma, para lo cual se recomiendan concentraciones de 3-7%. Tiempo de Contacto: 5-10 min. En ambos procedimientos es necesario un enjuague con agua posterior.<\/p>\n","protected":false},"excerpt":{"rendered":"<p>Brinda\u00a0 un mayor tiempo de acci\u00f3n del producto (la espuma se escurre menos) facilitando el reblandecimiento y la solubilidad de los restos de alimentos, y una retirada m\u00e1s eficiente de suciedad (por la suma del efecto mec\u00e1nico de la presi\u00f3n al efecto disolvente del agua). Es un producto de limpieza&#8230;<\/p>\n<p> <a class=\"continue-reading-link\" href=\"https:\/\/sutequim.com\/?page_id=592\"><span>Continue reading<\/span><i class=\"crycon-right-dir\"><\/i><\/a> <\/p>\n","protected":false},"author":8,"featured_media":0,"parent":98,"menu_order":0,"comment_status":"closed","ping_status":"closed","template":"","meta":{"footnotes":""},"class_list":["post-592","page","type-page","status-publish","hentry"],"_links":{"self":[{"href":"https:\/\/sutequim.com\/index.php?rest_route=\/wp\/v2\/pages\/592","targetHints":{"allow":["GET"]}}],"collection":[{"href":"https:\/\/sutequim.com\/index.php?rest_route=\/wp\/v2\/pages"}],"about":[{"href":"https:\/\/sutequim.com\/index.php?rest_route=\/wp\/v2\/types\/page"}],"author":[{"embeddable":true,"href":"https:\/\/sutequim.com\/index.php?rest_route=\/wp\/v2\/users\/8"}],"replies":[{"embeddable":true,"href":"https:\/\/sutequim.com\/index.php?rest_route=%2Fwp%2Fv2%2Fcomments&post=592"}],"version-history":[{"count":2,"href":"https:\/\/sutequim.com\/index.php?rest_route=\/wp\/v2\/pages\/592\/revisions"}],"predecessor-version":[{"id":671,"href":"https:\/\/sutequim.com\/index.php?rest_route=\/wp\/v2\/pages\/592\/revisions\/671"}],"up":[{"embeddable":true,"href":"https:\/\/sutequim.com\/index.php?rest_route=\/wp\/v2\/pages\/98"}],"wp:attachment":[{"href":"https:\/\/sutequim.com\/index.php?rest_route=%2Fwp%2Fv2%2Fmedia&parent=592"}],"curies":[{"name":"wp","href":"https:\/\/api.w.org\/{rel}","templated":true}]}}